{"id":509,"date":"2014-07-01T10:25:27","date_gmt":"2014-07-01T10:25:27","guid":{"rendered":"http:\/\/www.mapsi.eu\/mapsi\/?page_id=509"},"modified":"2014-09-05T08:53:13","modified_gmt":"2014-09-05T08:53:13","slug":"anne-rajamaki","status":"publish","type":"page","link":"https:\/\/www.mapsi.eu\/mapsi\/your-people\/laurea\/anne-rajamaki\/","title":{"rendered":"Anne Rajam\u00e4ki"},"content":{"rendered":"<p>anne.rajam\u00e4ki@laurea.fi<a title=\"Laurea University of Applied Sciences\" href=\"http:\/\/www.mapsi.eu\/mapsi\/partners\/laurea-ammattikorkeakoulu-oy\/\"><br \/>\nLaurea University of Applied Sciences<\/a><\/p>\n<p>Rajam\u00e4ki is Senior Lecturer in Social Services in Laurea UAS. Anne Rajam\u00e4ki joined Laurea\u2019s MAPSI team according her position as the co-ordinator of Internship in Social Services. Currently she holds the Creative Track team leader position.<\/p>\n","protected":false},"excerpt":{"rendered":"<p>anne.rajam\u00e4ki@laurea.fi Laurea University of Applied Sciences Rajam\u00e4ki is Senior Lecturer in Social Services in Laurea UAS. Anne Rajam\u00e4ki joined Laurea\u2019s MAPSI team according her position as the co-ordinator of Internship in Social Services. Currently she holds the Creative Track team leader position.<\/p>\n","protected":false},"author":1,"featured_media":0,"parent":55,"menu_order":3,"comment_status":"closed","ping_status":"open","template":"people-page.php","meta":{"ngg_post_thumbnail":0,"footnotes":""},"categories":[],"class_list":["post-509","page","type-page","status-publish","hentry"],"_links":{"self":[{"href":"https:\/\/www.mapsi.eu\/mapsi\/wp-json\/wp\/v2\/pages\/509","targetHints":{"allow":["GET"]}}],"collection":[{"href":"https:\/\/www.mapsi.eu\/mapsi\/wp-json\/wp\/v2\/pages"}],"about":[{"href":"https:\/\/www.mapsi.eu\/mapsi\/wp-json\/wp\/v2\/types\/page"}],"author":[{"embeddable":true,"href":"https:\/\/www.mapsi.eu\/mapsi\/wp-json\/wp\/v2\/users\/1"}],"replies":[{"embeddable":true,"href":"https:\/\/www.mapsi.eu\/mapsi\/wp-json\/wp\/v2\/comments?post=509"}],"version-history":[{"count":2,"href":"https:\/\/www.mapsi.eu\/mapsi\/wp-json\/wp\/v2\/pages\/509\/revisions"}],"predecessor-version":[{"id":527,"href":"https:\/\/www.mapsi.eu\/mapsi\/wp-json\/wp\/v2\/pages\/509\/revisions\/527"}],"up":[{"embeddable":true,"href":"https:\/\/www.mapsi.eu\/mapsi\/wp-json\/wp\/v2\/pages\/55"}],"wp:attachment":[{"href":"https:\/\/www.mapsi.eu\/mapsi\/wp-json\/wp\/v2\/media?parent=509"}],"wp:term":[{"taxonomy":"category","embeddable":true,"href":"https:\/\/www.mapsi.eu\/mapsi\/wp-json\/wp\/v2\/categories?post=509"}],"curies":[{"name":"wp","href":"https:\/\/api.w.org\/{rel}","templated":true}]}}